{"id":28868,"date":"2021-04-27T12:53:03","date_gmt":"2021-04-27T10:53:03","guid":{"rendered":"https:\/\/fk2kn2bvmtl.preview.infomaniak.website\/jobs-et-benevolat\/"},"modified":"2024-10-01T13:50:25","modified_gmt":"2024-10-01T11:50:25","slug":"jobs-freiwilligenarbeit","status":"publish","type":"page","link":"https:\/\/cerebral-vs.ch\/de\/jobs-freiwilligenarbeit\/","title":{"rendered":"Jobs &amp; Freiwilligenarbeit"},"content":{"rendered":"\t\t<div data-elementor-type=\"wp-page\" data-elementor-id=\"28868\" class=\"elementor elementor-28868 elementor-17557\">\n\t\t\t\t\t\t<section class=\"elementor-section elementor-top-section elementor-element elementor-element-57b0c145 elementor-section-boxed elementor-section-height-default elementor-section-height-default sc_fly_static\" data-id=\"57b0c145\" data-element_type=\"section\" data-e-type=\"section\">\n\t\t\t\t\t\t<div class=\"elementor-container elementor-column-gap-extended\">\n\t\t\t\t\t<div class=\"elementor-column elementor-col-100 elementor-top-column elementor-element elementor-element-235b57d5 sc_content_align_inherit sc_layouts_column_icons_position_left sc_fly_static\" data-id=\"235b57d5\" data-element_type=\"column\" data-e-type=\"column\">\n\t\t\t<div class=\"elementor-widget-wrap elementor-element-populated\">\n\t\t\t\t\t\t<div class=\"elementor-element elementor-element-480b620e sc_fly_static elementor-widget elementor-widget-spacer\" data-id=\"480b620e\" data-element_type=\"widget\" data-e-type=\"widget\" data-widget_type=\"spacer.default\">\n\t\t\t\t<div class=\"elementor-widget-container\">\n\t\t\t\t\t\t\t<div class=\"elementor-spacer\">\n\t\t\t<div class=\"elementor-spacer-inner\"><\/div>\n\t\t<\/div>\n\t\t\t\t\t\t<\/div>\n\t\t\t\t<\/div>\n\t\t\t\t\t<\/div>\n\t\t<\/div>\n\t\t\t\t\t<\/div>\n\t\t<\/section>\n\t\t\t\t<section class=\"elementor-section elementor-top-section elementor-element elementor-element-56fb9a51 elementor-section-full_width scheme_dark elementor-section-height-min-height elementor-section-height-default elementor-section-items-middle sc_fly_static\" data-id=\"56fb9a51\" data-element_type=\"section\" data-e-type=\"section\" data-settings=\"{&quot;background_background&quot;:&quot;classic&quot;}\">\n\t\t\t\t\t\t\t<div class=\"elementor-background-overlay\"><\/div>\n\t\t\t\t\t\t\t<div class=\"elementor-container elementor-column-gap-extended\">\n\t\t\t\t\t<div class=\"elementor-column elementor-col-100 elementor-top-column elementor-element elementor-element-40ec7a4b sc_content_align_inherit sc_layouts_column_icons_position_left sc_fly_static\" data-id=\"40ec7a4b\" data-element_type=\"column\" data-e-type=\"column\">\n\t\t\t<div class=\"elementor-widget-wrap elementor-element-populated\">\n\t\t\t\t\t\t<div class=\"elementor-element elementor-element-67523b12 sc_fly_static elementor-widget elementor-widget-spacer\" data-id=\"67523b12\" data-element_type=\"widget\" data-e-type=\"widget\" data-widget_type=\"spacer.default\">\n\t\t\t\t<div class=\"elementor-widget-container\">\n\t\t\t\t\t\t\t<div class=\"elementor-spacer\">\n\t\t\t<div class=\"elementor-spacer-inner\"><\/div>\n\t\t<\/div>\n\t\t\t\t\t\t<\/div>\n\t\t\t\t<\/div>\n\t\t\t\t<section class=\"elementor-section elementor-inner-section elementor-element elementor-element-2aa7bfec elementor-section-boxed elementor-section-height-default elementor-section-height-default sc_fly_static\" data-id=\"2aa7bfec\" data-element_type=\"section\" data-e-type=\"section\">\n\t\t\t\t\t\t<div class=\"elementor-container elementor-column-gap-extended\">\n\t\t\t\t\t<div class=\"elementor-column elementor-col-16 elementor-inner-column elementor-element elementor-element-46e2ba87 sc_layouts_hide_on_mobile sc_content_align_inherit sc_layouts_column_icons_position_left sc_fly_static\" data-id=\"46e2ba87\" data-element_type=\"column\" data-e-type=\"column\">\n\t\t\t<div class=\"elementor-widget-wrap\">\n\t\t\t\t\t\t\t<\/div>\n\t\t<\/div>\n\t\t\t\t<div class=\"elementor-column elementor-col-66 elementor-inner-column elementor-element elementor-element-20688eae sc_content_align_inherit sc_layouts_column_icons_position_left sc_fly_static\" data-id=\"20688eae\" data-element_type=\"column\" data-e-type=\"column\">\n\t\t\t<div class=\"elementor-widget-wrap elementor-element-populated\">\n\t\t\t\t\t\t<div class=\"elementor-element elementor-element-11031a5 sc_fly_static elementor-widget elementor-widget-heading\" data-id=\"11031a5\" data-element_type=\"widget\" data-e-type=\"widget\" data-widget_type=\"heading.default\">\n\t\t\t\t<div class=\"elementor-widget-container\">\n\t\t\t\t\t<h1 class=\"elementor-heading-title elementor-size-default\">Jobs &amp; Freiwilligenarbeit<\/h1>\t\t\t\t<\/div>\n\t\t\t\t<\/div>\n\t\t\t\t\t<\/div>\n\t\t<\/div>\n\t\t\t\t<div class=\"elementor-column elementor-col-16 elementor-inner-column elementor-element elementor-element-61405f4 sc_layouts_hide_on_mobile sc_content_align_inherit sc_layouts_column_icons_position_left sc_fly_static\" data-id=\"61405f4\" data-element_type=\"column\" data-e-type=\"column\">\n\t\t\t<div class=\"elementor-widget-wrap\">\n\t\t\t\t\t\t\t<\/div>\n\t\t<\/div>\n\t\t\t\t\t<\/div>\n\t\t<\/section>\n\t\t\t\t<div class=\"elementor-element elementor-element-790f1b54 sc_fly_static elementor-widget elementor-widget-spacer\" data-id=\"790f1b54\" data-element_type=\"widget\" data-e-type=\"widget\" data-widget_type=\"spacer.default\">\n\t\t\t\t<div class=\"elementor-widget-container\">\n\t\t\t\t\t\t\t<div class=\"elementor-spacer\">\n\t\t\t<div class=\"elementor-spacer-inner\"><\/div>\n\t\t<\/div>\n\t\t\t\t\t\t<\/div>\n\t\t\t\t<\/div>\n\t\t\t\t\t<\/div>\n\t\t<\/div>\n\t\t\t\t\t<\/div>\n\t\t<\/section>\n\t\t\t\t<section class=\"elementor-section elementor-top-section elementor-element elementor-element-2947fd16 elementor-section-height-min-height elementor-section-items-top elementor-section-boxed elementor-section-height-default sc_fly_static\" data-id=\"2947fd16\" data-element_type=\"section\" data-e-type=\"section\" data-settings=\"{&quot;background_background&quot;:&quot;classic&quot;}\">\n\t\t\t\t\t\t<div class=\"elementor-container elementor-column-gap-extended\">\n\t\t\t\t\t<div class=\"elementor-column elementor-col-100 elementor-top-column elementor-element elementor-element-5abf8399 sc_content_align_inherit sc_layouts_column_icons_position_left sc_fly_static\" data-id=\"5abf8399\" data-element_type=\"column\" data-e-type=\"column\">\n\t\t\t<div class=\"elementor-widget-wrap\">\n\t\t\t\t\t\t\t<\/div>\n\t\t<\/div>\n\t\t\t\t\t<\/div>\n\t\t<\/section>\n\t\t\t\t<section class=\"elementor-section elementor-top-section elementor-element elementor-element-612c91ba elementor-section-boxed elementor-section-height-default elementor-section-height-default sc_fly_static\" data-id=\"612c91ba\" data-element_type=\"section\" data-e-type=\"section\" data-settings=\"{&quot;background_background&quot;:&quot;classic&quot;}\">\n\t\t\t\t\t\t<div class=\"elementor-container elementor-column-gap-extended\">\n\t\t\t\t\t<div class=\"elementor-column elementor-col-100 elementor-top-column elementor-element elementor-element-3739c53c sc_content_align_inherit sc_layouts_column_icons_position_left sc_fly_static\" data-id=\"3739c53c\" data-element_type=\"column\" data-e-type=\"column\">\n\t\t\t<div class=\"elementor-widget-wrap elementor-element-populated\">\n\t\t\t\t\t\t<div class=\"elementor-element elementor-element-65670ed8 sc_fly_static elementor-widget elementor-widget-spacer\" data-id=\"65670ed8\" data-element_type=\"widget\" data-e-type=\"widget\" data-widget_type=\"spacer.default\">\n\t\t\t\t<div class=\"elementor-widget-container\">\n\t\t\t\t\t\t\t<div class=\"elementor-spacer\">\n\t\t\t<div class=\"elementor-spacer-inner\"><\/div>\n\t\t<\/div>\n\t\t\t\t\t\t<\/div>\n\t\t\t\t<\/div>\n\t\t\t\t\t<\/div>\n\t\t<\/div>\n\t\t\t\t\t<\/div>\n\t\t<\/section>\n\t\t\t\t<section class=\"elementor-section elementor-top-section elementor-element elementor-element-23cfdb69 elementor-section-boxed elementor-section-height-default elementor-section-height-default sc_fly_static\" data-id=\"23cfdb69\" data-element_type=\"section\" data-e-type=\"section\">\n\t\t\t\t\t\t<div class=\"elementor-container elementor-column-gap-extended\">\n\t\t\t\t\t<div class=\"elementor-column elementor-col-25 elementor-top-column elementor-element elementor-element-67990570 sc_content_align_inherit sc_layouts_column_icons_position_left sc_fly_static\" data-id=\"67990570\" data-element_type=\"column\" data-e-type=\"column\" data-settings=\"{&quot;background_background&quot;:&quot;classic&quot;}\">\n\t\t\t<div class=\"elementor-widget-wrap elementor-element-populated\">\n\t\t\t\t\t<div class=\"elementor-background-overlay\"><\/div>\n\t\t\t\t\t\t<div class=\"elementor-element elementor-element-29053d23 sc_fly_static elementor-widget elementor-widget-spacer\" data-id=\"29053d23\" data-element_type=\"widget\" data-e-type=\"widget\" data-widget_type=\"spacer.default\">\n\t\t\t\t<div class=\"elementor-widget-container\">\n\t\t\t\t\t\t\t<div class=\"elementor-spacer\">\n\t\t\t<div class=\"elementor-spacer-inner\"><\/div>\n\t\t<\/div>\n\t\t\t\t\t\t<\/div>\n\t\t\t\t<\/div>\n\t\t\t\t<div class=\"elementor-element elementor-element-1be8d647 elementor-align-center sc_fly_static elementor-widget elementor-widget-button\" data-id=\"1be8d647\" data-element_type=\"widget\" data-e-type=\"widget\" data-widget_type=\"button.default\">\n\t\t\t\t<div class=\"elementor-widget-container\">\n\t\t\t\t\t\t\t\t\t<div class=\"elementor-button-wrapper\">\n\t\t\t\t\t<a class=\"elementor-button elementor-button-link elementor-size-sm elementor-animation-grow\" href=\"\/sejours-2\/\">\n\t\t\t\t\t\t<span class=\"elementor-button-content-wrapper\">\n\t\t\t\t\t\t\t\t\t<span class=\"elementor-button-text\">Entlastungsdienst<\/span>\n\t\t\t\t\t<\/span>\n\t\t\t\t\t<\/a>\n\t\t\t\t<\/div>\n\t\t\t\t\t\t\t\t<\/div>\n\t\t\t\t<\/div>\n\t\t\t\t<div class=\"elementor-element elementor-element-72ea9793 sc_fly_static elementor-widget elementor-widget-spacer\" data-id=\"72ea9793\" data-element_type=\"widget\" data-e-type=\"widget\" data-widget_type=\"spacer.default\">\n\t\t\t\t<div class=\"elementor-widget-container\">\n\t\t\t\t\t\t\t<div class=\"elementor-spacer\">\n\t\t\t<div class=\"elementor-spacer-inner\"><\/div>\n\t\t<\/div>\n\t\t\t\t\t\t<\/div>\n\t\t\t\t<\/div>\n\t\t\t\t\t<\/div>\n\t\t<\/div>\n\t\t\t\t<div class=\"elementor-column elementor-col-25 elementor-top-column elementor-element elementor-element-268ae972 sc_content_align_inherit sc_layouts_column_icons_position_left sc_fly_static\" data-id=\"268ae972\" data-element_type=\"column\" data-e-type=\"column\" data-settings=\"{&quot;background_background&quot;:&quot;classic&quot;}\">\n\t\t\t<div class=\"elementor-widget-wrap elementor-element-populated\">\n\t\t\t\t\t<div class=\"elementor-background-overlay\"><\/div>\n\t\t\t\t\t\t<div class=\"elementor-element elementor-element-1d4759c7 sc_fly_static elementor-widget elementor-widget-spacer\" data-id=\"1d4759c7\" data-element_type=\"widget\" data-e-type=\"widget\" data-widget_type=\"spacer.default\">\n\t\t\t\t<div class=\"elementor-widget-container\">\n\t\t\t\t\t\t\t<div class=\"elementor-spacer\">\n\t\t\t<div class=\"elementor-spacer-inner\"><\/div>\n\t\t<\/div>\n\t\t\t\t\t\t<\/div>\n\t\t\t\t<\/div>\n\t\t\t\t<div class=\"elementor-element elementor-element-137c485d elementor-align-center sc_fly_static elementor-widget elementor-widget-button\" data-id=\"137c485d\" data-element_type=\"widget\" data-e-type=\"widget\" data-widget_type=\"button.default\">\n\t\t\t\t<div class=\"elementor-widget-container\">\n\t\t\t\t\t\t\t\t\t<div class=\"elementor-button-wrapper\">\n\t\t\t\t\t<a class=\"elementor-button elementor-button-link elementor-size-sm elementor-animation-grow\" href=\"\/stages\/\">\n\t\t\t\t\t\t<span class=\"elementor-button-content-wrapper\">\n\t\t\t\t\t\t\t\t\t<span class=\"elementor-button-text\">Praktika<\/span>\n\t\t\t\t\t<\/span>\n\t\t\t\t\t<\/a>\n\t\t\t\t<\/div>\n\t\t\t\t\t\t\t\t<\/div>\n\t\t\t\t<\/div>\n\t\t\t\t<div class=\"elementor-element elementor-element-4b9d92e6 sc_fly_static elementor-widget elementor-widget-spacer\" data-id=\"4b9d92e6\" data-element_type=\"widget\" data-e-type=\"widget\" data-widget_type=\"spacer.default\">\n\t\t\t\t<div class=\"elementor-widget-container\">\n\t\t\t\t\t\t\t<div class=\"elementor-spacer\">\n\t\t\t<div class=\"elementor-spacer-inner\"><\/div>\n\t\t<\/div>\n\t\t\t\t\t\t<\/div>\n\t\t\t\t<\/div>\n\t\t\t\t\t<\/div>\n\t\t<\/div>\n\t\t\t\t<div class=\"elementor-column elementor-col-25 elementor-top-column elementor-element elementor-element-42e5bfad sc_content_align_inherit sc_layouts_column_icons_position_left sc_fly_static\" data-id=\"42e5bfad\" data-element_type=\"column\" data-e-type=\"column\" data-settings=\"{&quot;background_background&quot;:&quot;classic&quot;}\">\n\t\t\t<div class=\"elementor-widget-wrap elementor-element-populated\">\n\t\t\t\t\t<div class=\"elementor-background-overlay\"><\/div>\n\t\t\t\t\t\t<div class=\"elementor-element elementor-element-7c011fb5 sc_fly_static elementor-widget elementor-widget-spacer\" data-id=\"7c011fb5\" data-element_type=\"widget\" data-e-type=\"widget\" data-widget_type=\"spacer.default\">\n\t\t\t\t<div class=\"elementor-widget-container\">\n\t\t\t\t\t\t\t<div class=\"elementor-spacer\">\n\t\t\t<div class=\"elementor-spacer-inner\"><\/div>\n\t\t<\/div>\n\t\t\t\t\t\t<\/div>\n\t\t\t\t<\/div>\n\t\t\t\t<div class=\"elementor-element elementor-element-2538bd07 elementor-align-center sc_fly_static elementor-widget elementor-widget-button\" data-id=\"2538bd07\" data-element_type=\"widget\" data-e-type=\"widget\" data-widget_type=\"button.default\">\n\t\t\t\t<div class=\"elementor-widget-container\">\n\t\t\t\t\t\t\t\t\t<div class=\"elementor-button-wrapper\">\n\t\t\t\t\t<a class=\"elementor-button elementor-button-link elementor-size-sm elementor-animation-grow\" href=\"\/service-releve\/\">\n\t\t\t\t\t\t<span class=\"elementor-button-content-wrapper\">\n\t\t\t\t\t\t\t\t\t<span class=\"elementor-button-text\">Entlastungsdienst<\/span>\n\t\t\t\t\t<\/span>\n\t\t\t\t\t<\/a>\n\t\t\t\t<\/div>\n\t\t\t\t\t\t\t\t<\/div>\n\t\t\t\t<\/div>\n\t\t\t\t<div class=\"elementor-element elementor-element-2dd6a792 sc_fly_static elementor-widget elementor-widget-spacer\" data-id=\"2dd6a792\" data-element_type=\"widget\" data-e-type=\"widget\" data-widget_type=\"spacer.default\">\n\t\t\t\t<div class=\"elementor-widget-container\">\n\t\t\t\t\t\t\t<div class=\"elementor-spacer\">\n\t\t\t<div class=\"elementor-spacer-inner\"><\/div>\n\t\t<\/div>\n\t\t\t\t\t\t<\/div>\n\t\t\t\t<\/div>\n\t\t\t\t\t<\/div>\n\t\t<\/div>\n\t\t\t\t<div class=\"elementor-column elementor-col-25 elementor-top-column elementor-element elementor-element-574a5922 sc_content_align_inherit sc_layouts_column_icons_position_left sc_fly_static\" data-id=\"574a5922\" data-element_type=\"column\" data-e-type=\"column\" data-settings=\"{&quot;background_background&quot;:&quot;classic&quot;}\">\n\t\t\t<div class=\"elementor-widget-wrap elementor-element-populated\">\n\t\t\t\t\t<div class=\"elementor-background-overlay\"><\/div>\n\t\t\t\t\t\t<div class=\"elementor-element elementor-element-5cc3d205 sc_fly_static elementor-widget elementor-widget-spacer\" data-id=\"5cc3d205\" data-element_type=\"widget\" data-e-type=\"widget\" data-widget_type=\"spacer.default\">\n\t\t\t\t<div class=\"elementor-widget-container\">\n\t\t\t\t\t\t\t<div class=\"elementor-spacer\">\n\t\t\t<div class=\"elementor-spacer-inner\"><\/div>\n\t\t<\/div>\n\t\t\t\t\t\t<\/div>\n\t\t\t\t<\/div>\n\t\t\t\t<div class=\"elementor-element elementor-element-346dfe83 elementor-align-center sc_fly_static elementor-widget elementor-widget-button\" data-id=\"346dfe83\" data-element_type=\"widget\" data-e-type=\"widget\" data-widget_type=\"button.default\">\n\t\t\t\t<div class=\"elementor-widget-container\">\n\t\t\t\t\t\t\t\t\t<div class=\"elementor-button-wrapper\">\n\t\t\t\t\t<a class=\"elementor-button elementor-button-link elementor-size-sm elementor-animation-grow\" href=\"\/benevoles\/\">\n\t\t\t\t\t\t<span class=\"elementor-button-content-wrapper\">\n\t\t\t\t\t\t\t\t\t<span class=\"elementor-button-text\">Freiwilligenarbeit<\/span>\n\t\t\t\t\t<\/span>\n\t\t\t\t\t<\/a>\n\t\t\t\t<\/div>\n\t\t\t\t\t\t\t\t<\/div>\n\t\t\t\t<\/div>\n\t\t\t\t<div class=\"elementor-element elementor-element-2c8e7a97 sc_fly_static elementor-widget elementor-widget-spacer\" data-id=\"2c8e7a97\" data-element_type=\"widget\" data-e-type=\"widget\" data-widget_type=\"spacer.default\">\n\t\t\t\t<div class=\"elementor-widget-container\">\n\t\t\t\t\t\t\t<div class=\"elementor-spacer\">\n\t\t\t<div class=\"elementor-spacer-inner\"><\/div>\n\t\t<\/div>\n\t\t\t\t\t\t<\/div>\n\t\t\t\t<\/div>\n\t\t\t\t\t<\/div>\n\t\t<\/div>\n\t\t\t\t\t<\/div>\n\t\t<\/section>\n\t\t\t\t<section class=\"elementor-section-with-custom-width elementor-section elementor-top-section elementor-element elementor-element-4b09a3ba elementor-section-boxed elementor-section-height-default elementor-section-height-default sc_fly_static\" data-id=\"4b09a3ba\" data-element_type=\"section\" data-e-type=\"section\">\n\t\t\t\t\t\t<div class=\"elementor-container elementor-column-gap-wider\">\n\t\t\t\t\t<div class=\"elementor-column elementor-col-100 elementor-top-column elementor-element elementor-element-762aa04d sc_content_align_inherit sc_layouts_column_icons_position_left sc_fly_static\" data-id=\"762aa04d\" data-element_type=\"column\" data-e-type=\"column\">\n\t\t\t<div class=\"elementor-widget-wrap elementor-element-populated\">\n\t\t\t\t\t\t<div class=\"elementor-element elementor-element-bbded37 sc_fly_static elementor-widget elementor-widget-spacer\" data-id=\"bbded37\" data-element_type=\"widget\" data-e-type=\"widget\" data-widget_type=\"spacer.default\">\n\t\t\t\t<div class=\"elementor-widget-container\">\n\t\t\t\t\t\t\t<div class=\"elementor-spacer\">\n\t\t\t<div class=\"elementor-spacer-inner\"><\/div>\n\t\t<\/div>\n\t\t\t\t\t\t<\/div>\n\t\t\t\t<\/div>\n\t\t\t\t\t<\/div>\n\t\t<\/div>\n\t\t\t\t\t<\/div>\n\t\t<\/section>\n\t\t\t\t<\/div>\n\t\t","protected":false},"excerpt":{"rendered":"<p>Jobs &amp; Freiwilligenarbeit Entlastungsdienst Praktika Entlastungsdienst Freiwilligenarbeit<\/p>\n","protected":false},"author":1,"featured_media":0,"parent":0,"menu_order":0,"comment_status":"closed","ping_status":"closed","template":"","meta":{"inline_featured_image":false,"footnotes":""},"class_list":["post-28868","page","type-page","status-publish","hentry"],"yoast_head":"<!-- This site is optimized with the Yoast SEO plugin v27.4 - https:\/\/yoast.com\/product\/yoast-seo-wordpress\/ -->\n<title>Jobs &amp; Freiwilligenarbeit - Cerebral Valais<\/title>\n<meta name=\"robots\" content=\"index, follow, max-snippet:-1, max-image-preview:large, max-video-preview:-1\" \/>\n<link rel=\"canonical\" href=\"https:\/\/cerebral-vs.ch\/de\/jobs-freiwilligenarbeit\/\" \/>\n<meta property=\"og:locale\" content=\"de_DE\" \/>\n<meta property=\"og:type\" content=\"article\" \/>\n<meta property=\"og:title\" content=\"Jobs &amp; Freiwilligenarbeit - Cerebral Valais\" \/>\n<meta property=\"og:description\" content=\"Jobs &amp; Freiwilligenarbeit Entlastungsdienst Praktika Entlastungsdienst Freiwilligenarbeit\" \/>\n<meta property=\"og:url\" content=\"https:\/\/cerebral-vs.ch\/de\/jobs-freiwilligenarbeit\/\" \/>\n<meta property=\"og:site_name\" content=\"Cerebral Valais\" \/>\n<meta property=\"article:publisher\" content=\"https:\/\/fr-fr.facebook.com\/cerebralvalais\/\" \/>\n<meta property=\"article:modified_time\" content=\"2024-10-01T11:50:25+00:00\" \/>\n<meta name=\"twitter:card\" content=\"summary_large_image\" \/>\n<script type=\"application\/ld+json\" class=\"yoast-schema-graph\">{\"@context\":\"https:\\\/\\\/schema.org\",\"@graph\":[{\"@type\":\"WebPage\",\"@id\":\"https:\\\/\\\/cerebral-vs.ch\\\/de\\\/jobs-freiwilligenarbeit\\\/\",\"url\":\"https:\\\/\\\/cerebral-vs.ch\\\/de\\\/jobs-freiwilligenarbeit\\\/\",\"name\":\"Jobs &amp; Freiwilligenarbeit - Cerebral Valais\",\"isPartOf\":{\"@id\":\"https:\\\/\\\/fk2kn2bvmtl.preview.infomaniak.website\\\/#website\"},\"datePublished\":\"2021-04-27T10:53:03+00:00\",\"dateModified\":\"2024-10-01T11:50:25+00:00\",\"breadcrumb\":{\"@id\":\"https:\\\/\\\/cerebral-vs.ch\\\/de\\\/jobs-freiwilligenarbeit\\\/#breadcrumb\"},\"inLanguage\":\"de\",\"potentialAction\":[{\"@type\":\"ReadAction\",\"target\":[\"https:\\\/\\\/cerebral-vs.ch\\\/de\\\/jobs-freiwilligenarbeit\\\/\"]}]},{\"@type\":\"BreadcrumbList\",\"@id\":\"https:\\\/\\\/cerebral-vs.ch\\\/de\\\/jobs-freiwilligenarbeit\\\/#breadcrumb\",\"itemListElement\":[{\"@type\":\"ListItem\",\"position\":1,\"name\":\"Accueil\",\"item\":\"https:\\\/\\\/cerebral-vs.ch\\\/de\\\/\"},{\"@type\":\"ListItem\",\"position\":2,\"name\":\"Jobs &amp; Freiwilligenarbeit\"}]},{\"@type\":\"WebSite\",\"@id\":\"https:\\\/\\\/fk2kn2bvmtl.preview.infomaniak.website\\\/#website\",\"url\":\"https:\\\/\\\/fk2kn2bvmtl.preview.infomaniak.website\\\/\",\"name\":\"Cerebral Valais - Association Cerebral Valais\\\/Wallis\",\"description\":\"Cerebral Valais est une association de parents d&#039;enfants IMC qui \u0153uvre \u00e0 la d\u00e9fense de leurs int\u00e9r\u00eats, ainsi qu&#039;\u00e0 une meilleure compr\u00e9hension des diff\u00e9rences, afin que leurs enfants puissent obtenir, malgr\u00e9 leur situation de handicap, une place \u00e0 part enti\u00e8re dans la soci\u00e9t\u00e9.\",\"publisher\":{\"@id\":\"https:\\\/\\\/fk2kn2bvmtl.preview.infomaniak.website\\\/#organization\"},\"potentialAction\":[{\"@type\":\"SearchAction\",\"target\":{\"@type\":\"EntryPoint\",\"urlTemplate\":\"https:\\\/\\\/fk2kn2bvmtl.preview.infomaniak.website\\\/?s={search_term_string}\"},\"query-input\":{\"@type\":\"PropertyValueSpecification\",\"valueRequired\":true,\"valueName\":\"search_term_string\"}}],\"inLanguage\":\"de\"},{\"@type\":\"Organization\",\"@id\":\"https:\\\/\\\/fk2kn2bvmtl.preview.infomaniak.website\\\/#organization\",\"name\":\"Cerebral Valais - Association Cerebral Valais\\\/Wallis\",\"url\":\"https:\\\/\\\/fk2kn2bvmtl.preview.infomaniak.website\\\/\",\"logo\":{\"@type\":\"ImageObject\",\"inLanguage\":\"de\",\"@id\":\"https:\\\/\\\/fk2kn2bvmtl.preview.infomaniak.website\\\/#\\\/schema\\\/logo\\\/image\\\/\",\"url\":\"https:\\\/\\\/cerebral-vs.ch\\\/wp-content\\\/uploads\\\/2022\\\/09\\\/logo_cerebral_minimal.png\",\"contentUrl\":\"https:\\\/\\\/cerebral-vs.ch\\\/wp-content\\\/uploads\\\/2022\\\/09\\\/logo_cerebral_minimal.png\",\"width\":158,\"height\":95,\"caption\":\"Cerebral Valais - Association Cerebral Valais\\\/Wallis\"},\"image\":{\"@id\":\"https:\\\/\\\/fk2kn2bvmtl.preview.infomaniak.website\\\/#\\\/schema\\\/logo\\\/image\\\/\"},\"sameAs\":[\"https:\\\/\\\/fr-fr.facebook.com\\\/cerebralvalais\\\/\"]}]}<\/script>\n<!-- \/ Yoast SEO plugin. -->","yoast_head_json":{"title":"Jobs &amp; Freiwilligenarbeit - Cerebral Valais","robots":{"index":"index","follow":"follow","max-snippet":"max-snippet:-1","max-image-preview":"max-image-preview:large","max-video-preview":"max-video-preview:-1"},"canonical":"https:\/\/cerebral-vs.ch\/de\/jobs-freiwilligenarbeit\/","og_locale":"de_DE","og_type":"article","og_title":"Jobs &amp; Freiwilligenarbeit - Cerebral Valais","og_description":"Jobs &amp; Freiwilligenarbeit Entlastungsdienst Praktika Entlastungsdienst Freiwilligenarbeit","og_url":"https:\/\/cerebral-vs.ch\/de\/jobs-freiwilligenarbeit\/","og_site_name":"Cerebral Valais","article_publisher":"https:\/\/fr-fr.facebook.com\/cerebralvalais\/","article_modified_time":"2024-10-01T11:50:25+00:00","twitter_card":"summary_large_image","schema":{"@context":"https:\/\/schema.org","@graph":[{"@type":"WebPage","@id":"https:\/\/cerebral-vs.ch\/de\/jobs-freiwilligenarbeit\/","url":"https:\/\/cerebral-vs.ch\/de\/jobs-freiwilligenarbeit\/","name":"Jobs &amp; Freiwilligenarbeit - Cerebral Valais","isPartOf":{"@id":"https:\/\/fk2kn2bvmtl.preview.infomaniak.website\/#website"},"datePublished":"2021-04-27T10:53:03+00:00","dateModified":"2024-10-01T11:50:25+00:00","breadcrumb":{"@id":"https:\/\/cerebral-vs.ch\/de\/jobs-freiwilligenarbeit\/#breadcrumb"},"inLanguage":"de","potentialAction":[{"@type":"ReadAction","target":["https:\/\/cerebral-vs.ch\/de\/jobs-freiwilligenarbeit\/"]}]},{"@type":"BreadcrumbList","@id":"https:\/\/cerebral-vs.ch\/de\/jobs-freiwilligenarbeit\/#breadcrumb","itemListElement":[{"@type":"ListItem","position":1,"name":"Accueil","item":"https:\/\/cerebral-vs.ch\/de\/"},{"@type":"ListItem","position":2,"name":"Jobs &amp; Freiwilligenarbeit"}]},{"@type":"WebSite","@id":"https:\/\/fk2kn2bvmtl.preview.infomaniak.website\/#website","url":"https:\/\/fk2kn2bvmtl.preview.infomaniak.website\/","name":"Cerebral Valais - Association Cerebral Valais\/Wallis","description":"Cerebral Valais est une association de parents d&#039;enfants IMC qui \u0153uvre \u00e0 la d\u00e9fense de leurs int\u00e9r\u00eats, ainsi qu&#039;\u00e0 une meilleure compr\u00e9hension des diff\u00e9rences, afin que leurs enfants puissent obtenir, malgr\u00e9 leur situation de handicap, une place \u00e0 part enti\u00e8re dans la soci\u00e9t\u00e9.","publisher":{"@id":"https:\/\/fk2kn2bvmtl.preview.infomaniak.website\/#organization"},"potentialAction":[{"@type":"SearchAction","target":{"@type":"EntryPoint","urlTemplate":"https:\/\/fk2kn2bvmtl.preview.infomaniak.website\/?s={search_term_string}"},"query-input":{"@type":"PropertyValueSpecification","valueRequired":true,"valueName":"search_term_string"}}],"inLanguage":"de"},{"@type":"Organization","@id":"https:\/\/fk2kn2bvmtl.preview.infomaniak.website\/#organization","name":"Cerebral Valais - Association Cerebral Valais\/Wallis","url":"https:\/\/fk2kn2bvmtl.preview.infomaniak.website\/","logo":{"@type":"ImageObject","inLanguage":"de","@id":"https:\/\/fk2kn2bvmtl.preview.infomaniak.website\/#\/schema\/logo\/image\/","url":"https:\/\/cerebral-vs.ch\/wp-content\/uploads\/2022\/09\/logo_cerebral_minimal.png","contentUrl":"https:\/\/cerebral-vs.ch\/wp-content\/uploads\/2022\/09\/logo_cerebral_minimal.png","width":158,"height":95,"caption":"Cerebral Valais - Association Cerebral Valais\/Wallis"},"image":{"@id":"https:\/\/fk2kn2bvmtl.preview.infomaniak.website\/#\/schema\/logo\/image\/"},"sameAs":["https:\/\/fr-fr.facebook.com\/cerebralvalais\/"]}]}},"_links":{"self":[{"href":"https:\/\/cerebral-vs.ch\/de\/wp-json\/wp\/v2\/pages\/28868","targetHints":{"allow":["GET"]}}],"collection":[{"href":"https:\/\/cerebral-vs.ch\/de\/wp-json\/wp\/v2\/pages"}],"about":[{"href":"https:\/\/cerebral-vs.ch\/de\/wp-json\/wp\/v2\/types\/page"}],"author":[{"embeddable":true,"href":"https:\/\/cerebral-vs.ch\/de\/wp-json\/wp\/v2\/users\/1"}],"replies":[{"embeddable":true,"href":"https:\/\/cerebral-vs.ch\/de\/wp-json\/wp\/v2\/comments?post=28868"}],"version-history":[{"count":13,"href":"https:\/\/cerebral-vs.ch\/de\/wp-json\/wp\/v2\/pages\/28868\/revisions"}],"predecessor-version":[{"id":41254,"href":"https:\/\/cerebral-vs.ch\/de\/wp-json\/wp\/v2\/pages\/28868\/revisions\/41254"}],"wp:attachment":[{"href":"https:\/\/cerebral-vs.ch\/de\/wp-json\/wp\/v2\/media?parent=28868"}],"curies":[{"name":"wp","href":"https:\/\/api.w.org\/{rel}","templated":true}]}}