{"id":28879,"date":"2022-09-15T15:15:28","date_gmt":"2022-09-15T13:15:28","guid":{"rendered":"https:\/\/fk2kn2bvmtl.preview.infomaniak.website\/stages\/"},"modified":"2025-10-27T19:19:25","modified_gmt":"2025-10-27T18:19:25","slug":"praktika","status":"publish","type":"page","link":"https:\/\/cerebral-vs.ch\/de\/praktika\/","title":{"rendered":"Praktika"},"content":{"rendered":"\t\t<div data-elementor-type=\"wp-page\" data-elementor-id=\"28879\" class=\"elementor elementor-28879 elementor-18696\">\n\t\t\t\t\t\t<section class=\"elementor-section elementor-top-section elementor-element elementor-element-4db4745f elementor-section-boxed elementor-section-height-default elementor-section-height-default sc_fly_static\" data-id=\"4db4745f\" data-element_type=\"section\" data-e-type=\"section\">\n\t\t\t\t\t\t<div class=\"elementor-container elementor-column-gap-extended\">\n\t\t\t\t\t<div class=\"elementor-column elementor-col-100 elementor-top-column elementor-element elementor-element-77a739f4 sc_content_align_inherit sc_layouts_column_icons_position_left sc_fly_static\" data-id=\"77a739f4\" data-element_type=\"column\" data-e-type=\"column\">\n\t\t\t<div class=\"elementor-widget-wrap elementor-element-populated\">\n\t\t\t\t\t\t<div class=\"elementor-element elementor-element-65a0548b sc_fly_static elementor-widget elementor-widget-spacer\" data-id=\"65a0548b\" data-element_type=\"widget\" data-e-type=\"widget\" data-widget_type=\"spacer.default\">\n\t\t\t\t<div class=\"elementor-widget-container\">\n\t\t\t\t\t\t\t<div class=\"elementor-spacer\">\n\t\t\t<div class=\"elementor-spacer-inner\"><\/div>\n\t\t<\/div>\n\t\t\t\t\t\t<\/div>\n\t\t\t\t<\/div>\n\t\t\t\t\t<\/div>\n\t\t<\/div>\n\t\t\t\t\t<\/div>\n\t\t<\/section>\n\t\t\t\t<section class=\"elementor-section elementor-top-section elementor-element elementor-element-56df71b0 elementor-section-full_width scheme_dark elementor-section-height-min-height elementor-section-height-default elementor-section-items-middle sc_fly_static\" data-id=\"56df71b0\" data-element_type=\"section\" data-e-type=\"section\" data-settings=\"{&quot;background_background&quot;:&quot;classic&quot;}\">\n\t\t\t\t\t\t\t<div class=\"elementor-background-overlay\"><\/div>\n\t\t\t\t\t\t\t<div class=\"elementor-container elementor-column-gap-extended\">\n\t\t\t\t\t<div class=\"elementor-column elementor-col-100 elementor-top-column elementor-element elementor-element-53bd11bb sc_content_align_inherit sc_layouts_column_icons_position_left sc_fly_static\" data-id=\"53bd11bb\" data-element_type=\"column\" data-e-type=\"column\">\n\t\t\t<div class=\"elementor-widget-wrap elementor-element-populated\">\n\t\t\t\t\t\t<div class=\"elementor-element elementor-element-261932b4 sc_fly_static elementor-widget elementor-widget-spacer\" data-id=\"261932b4\" data-element_type=\"widget\" data-e-type=\"widget\" data-widget_type=\"spacer.default\">\n\t\t\t\t<div class=\"elementor-widget-container\">\n\t\t\t\t\t\t\t<div class=\"elementor-spacer\">\n\t\t\t<div class=\"elementor-spacer-inner\"><\/div>\n\t\t<\/div>\n\t\t\t\t\t\t<\/div>\n\t\t\t\t<\/div>\n\t\t\t\t<section class=\"elementor-section elementor-inner-section elementor-element elementor-element-79947afe elementor-section-boxed elementor-section-height-default elementor-section-height-default sc_fly_static\" data-id=\"79947afe\" data-element_type=\"section\" data-e-type=\"section\">\n\t\t\t\t\t\t<div class=\"elementor-container elementor-column-gap-extended\">\n\t\t\t\t\t<div class=\"elementor-column elementor-col-16 elementor-inner-column elementor-element elementor-element-21c5f434 sc_layouts_hide_on_mobile sc_content_align_inherit sc_layouts_column_icons_position_left sc_fly_static\" data-id=\"21c5f434\" data-element_type=\"column\" data-e-type=\"column\">\n\t\t\t<div class=\"elementor-widget-wrap\">\n\t\t\t\t\t\t\t<\/div>\n\t\t<\/div>\n\t\t\t\t<div class=\"elementor-column elementor-col-66 elementor-inner-column elementor-element elementor-element-713047dc sc_content_align_inherit sc_layouts_column_icons_position_left sc_fly_static\" data-id=\"713047dc\" data-element_type=\"column\" data-e-type=\"column\">\n\t\t\t<div class=\"elementor-widget-wrap elementor-element-populated\">\n\t\t\t\t\t\t<div class=\"elementor-element elementor-element-3f50ecd7 sc_fly_static elementor-widget elementor-widget-heading\" data-id=\"3f50ecd7\" data-element_type=\"widget\" data-e-type=\"widget\" data-widget_type=\"heading.default\">\n\t\t\t\t<div class=\"elementor-widget-container\">\n\t\t\t\t\t<h1 class=\"elementor-heading-title elementor-size-default\">Praktika<\/h1>\t\t\t\t<\/div>\n\t\t\t\t<\/div>\n\t\t\t\t\t<\/div>\n\t\t<\/div>\n\t\t\t\t<div class=\"elementor-column elementor-col-16 elementor-inner-column elementor-element elementor-element-761371e9 sc_layouts_hide_on_mobile sc_content_align_inherit sc_layouts_column_icons_position_left sc_fly_static\" data-id=\"761371e9\" data-element_type=\"column\" data-e-type=\"column\">\n\t\t\t<div class=\"elementor-widget-wrap\">\n\t\t\t\t\t\t\t<\/div>\n\t\t<\/div>\n\t\t\t\t\t<\/div>\n\t\t<\/section>\n\t\t\t\t<div class=\"elementor-element elementor-element-c1a9e2c sc_fly_static elementor-widget elementor-widget-spacer\" data-id=\"c1a9e2c\" data-element_type=\"widget\" data-e-type=\"widget\" data-widget_type=\"spacer.default\">\n\t\t\t\t<div class=\"elementor-widget-container\">\n\t\t\t\t\t\t\t<div class=\"elementor-spacer\">\n\t\t\t<div class=\"elementor-spacer-inner\"><\/div>\n\t\t<\/div>\n\t\t\t\t\t\t<\/div>\n\t\t\t\t<\/div>\n\t\t\t\t\t<\/div>\n\t\t<\/div>\n\t\t\t\t\t<\/div>\n\t\t<\/section>\n\t\t\t\t<section class=\"elementor-section elementor-top-section elementor-element elementor-element-718a3c6c elementor-section-height-min-height elementor-section-items-top elementor-section-boxed elementor-section-height-default sc_fly_static\" data-id=\"718a3c6c\" data-element_type=\"section\" data-e-type=\"section\" data-settings=\"{&quot;background_background&quot;:&quot;classic&quot;}\">\n\t\t\t\t\t\t<div class=\"elementor-container elementor-column-gap-extended\">\n\t\t\t\t\t<div class=\"elementor-column elementor-col-100 elementor-top-column elementor-element elementor-element-5df276af sc_content_align_inherit sc_layouts_column_icons_position_left sc_fly_static\" data-id=\"5df276af\" data-element_type=\"column\" data-e-type=\"column\">\n\t\t\t<div class=\"elementor-widget-wrap\">\n\t\t\t\t\t\t\t<\/div>\n\t\t<\/div>\n\t\t\t\t\t<\/div>\n\t\t<\/section>\n\t\t\t\t<section class=\"elementor-section elementor-top-section elementor-element elementor-element-51a5105e elementor-section-boxed elementor-section-height-default elementor-section-height-default sc_fly_static\" data-id=\"51a5105e\" data-element_type=\"section\" data-e-type=\"section\" data-settings=\"{&quot;background_background&quot;:&quot;classic&quot;}\">\n\t\t\t\t\t\t<div class=\"elementor-container elementor-column-gap-extended\">\n\t\t\t\t\t<div class=\"elementor-column elementor-col-100 elementor-top-column elementor-element elementor-element-3d4026a5 sc_content_align_inherit sc_layouts_column_icons_position_left sc_fly_static\" data-id=\"3d4026a5\" data-element_type=\"column\" data-e-type=\"column\">\n\t\t\t<div class=\"elementor-widget-wrap elementor-element-populated\">\n\t\t\t\t\t\t<div class=\"elementor-element elementor-element-21403b33 sc_fly_static elementor-widget elementor-widget-spacer\" data-id=\"21403b33\" data-element_type=\"widget\" data-e-type=\"widget\" data-widget_type=\"spacer.default\">\n\t\t\t\t<div class=\"elementor-widget-container\">\n\t\t\t\t\t\t\t<div class=\"elementor-spacer\">\n\t\t\t<div class=\"elementor-spacer-inner\"><\/div>\n\t\t<\/div>\n\t\t\t\t\t\t<\/div>\n\t\t\t\t<\/div>\n\t\t\t\t\t<\/div>\n\t\t<\/div>\n\t\t\t\t\t<\/div>\n\t\t<\/section>\n\t\t\t\t<section class=\"elementor-section-with-custom-width elementor-section elementor-top-section elementor-element elementor-element-3b7db64d elementor-section-boxed elementor-section-height-default elementor-section-height-default sc_fly_static\" data-id=\"3b7db64d\" data-element_type=\"section\" data-e-type=\"section\">\n\t\t\t\t\t\t<div class=\"elementor-container elementor-column-gap-wider\">\n\t\t\t\t\t<div class=\"elementor-column elementor-col-50 elementor-top-column elementor-element elementor-element-32255b57 sc_content_align_inherit sc_layouts_column_icons_position_left sc_fly_static\" data-id=\"32255b57\" data-element_type=\"column\" data-e-type=\"column\">\n\t\t\t<div class=\"elementor-widget-wrap elementor-element-populated\">\n\t\t\t\t\t\t<div class=\"elementor-element elementor-element-64167e2 sc_fly_static elementor-widget elementor-widget-text-editor\" data-id=\"64167e2\" data-element_type=\"widget\" data-e-type=\"widget\" data-widget_type=\"text-editor.default\">\n\t\t\t\t<div class=\"elementor-widget-container\">\n\t\t\t\t\t\t\t\t\t<p>Unser Verein ist von den Fachhochschulen und Hochschulen anerkannt und erm\u00f6glicht 20-w\u00f6chige nicht-berufsbezogene Praktika oder Langzeitpraktika vor dem Eintritt in eine Hochschule im Gesundheits- oder Sozialbereich.<\/p><p><span style=\"font-size: 17px; background-color: var(--theme-color-bg_color); color: var(--theme-color-text); letter-spacing: 0.1px;\">Daher arbeiten wir mit Fachmittelschulen, Gymnasien und der Berufsfachschule f\u00fcr Gemeinschaftsdienste usw. zusammen.<\/span><\/p>\t\t\t\t\t\t\t\t<\/div>\n\t\t\t\t<\/div>\n\t\t\t\t<div class=\"elementor-element elementor-element-a19d94c sc_fly_static elementor-widget elementor-widget-spacer\" data-id=\"a19d94c\" data-element_type=\"widget\" data-e-type=\"widget\" data-widget_type=\"spacer.default\">\n\t\t\t\t<div class=\"elementor-widget-container\">\n\t\t\t\t\t\t\t<div class=\"elementor-spacer\">\n\t\t\t<div class=\"elementor-spacer-inner\"><\/div>\n\t\t<\/div>\n\t\t\t\t\t\t<\/div>\n\t\t\t\t<\/div>\n\t\t\t\t<div class=\"elementor-element elementor-element-ae71288 sc_fly_static elementor-widget elementor-widget-text-editor\" data-id=\"ae71288\" data-element_type=\"widget\" data-e-type=\"widget\" data-widget_type=\"text-editor.default\">\n\t\t\t\t<div class=\"elementor-widget-container\">\n\t\t\t\t\t\t\t\t\t<p>Wir bieten:<\/p><ul><li>Eine Sensibilisierung f\u00fcr die verschiedenen Arten von Behinderungen.<\/li><li>Die M\u00f6glichkeit, sich mit den verschiedenen Facetten der Betreuung von behinderten Menschen vertraut zu machen.<\/li><li>Die M\u00f6glichkeit, sich \u00fcber die Wahl einer Ausbildung im Gesundheits- oder Sozialbereich klar zu werden.<\/li><li>Die Gelegenheit, kurze Praktika zu absolvieren.<\/li><li>Die M\u00f6glichkeit, an Ausbildungstagen teilzunehmen.<\/li><li>Eine Betreuung durch einen FH-zertifizierten Praxisausbilder.<\/li><\/ul>\t\t\t\t\t\t\t\t<\/div>\n\t\t\t\t<\/div>\n\t\t\t\t<div class=\"elementor-element elementor-element-21471ff8 sc_fly_static elementor-widget elementor-widget-spacer\" data-id=\"21471ff8\" data-element_type=\"widget\" data-e-type=\"widget\" data-widget_type=\"spacer.default\">\n\t\t\t\t<div class=\"elementor-widget-container\">\n\t\t\t\t\t\t\t<div class=\"elementor-spacer\">\n\t\t\t<div class=\"elementor-spacer-inner\"><\/div>\n\t\t<\/div>\n\t\t\t\t\t\t<\/div>\n\t\t\t\t<\/div>\n\t\t\t\t\t<\/div>\n\t\t<\/div>\n\t\t\t\t<div class=\"elementor-column elementor-col-50 elementor-top-column elementor-element elementor-element-7868c418 sc_content_align_inherit sc_layouts_column_icons_position_left sc_fly_static\" data-id=\"7868c418\" data-element_type=\"column\" data-e-type=\"column\">\n\t\t\t<div class=\"elementor-widget-wrap elementor-element-populated\">\n\t\t\t\t\t\t<div class=\"elementor-element elementor-element-128f54b7 sc_fly_static elementor-widget elementor-widget-text-editor\" data-id=\"128f54b7\" data-element_type=\"widget\" data-e-type=\"widget\" data-widget_type=\"text-editor.default\">\n\t\t\t\t<div class=\"elementor-widget-container\">\n\t\t\t\t\t\t\t\t\t<p>Wenn Sie 14 Jahre oder \u00e4lter sind und eine stimulierende Zeit in unserer Gesellschaft verbringen m\u00f6chten, z\u00f6gern Sie nicht, uns per E-Mail ein Motivationsschreiben sowie Ihren Lebenslauf zu schicken an:<\/p>\t\t\t\t\t\t\t\t<\/div>\n\t\t\t\t<\/div>\n\t\t\t\t<div class=\"elementor-element elementor-element-2b6d2e14 sc_fly_static elementor-widget elementor-widget-spacer\" data-id=\"2b6d2e14\" data-element_type=\"widget\" data-e-type=\"widget\" data-widget_type=\"spacer.default\">\n\t\t\t\t<div class=\"elementor-widget-container\">\n\t\t\t\t\t\t\t<div class=\"elementor-spacer\">\n\t\t\t<div class=\"elementor-spacer-inner\"><\/div>\n\t\t<\/div>\n\t\t\t\t\t\t<\/div>\n\t\t\t\t<\/div>\n\t\t\t\t<section class=\"elementor-section elementor-inner-section elementor-element elementor-element-666b8f8f elementor-section-content-middle elementor-section-boxed elementor-section-height-default elementor-section-height-default sc_fly_static\" data-id=\"666b8f8f\" data-element_type=\"section\" data-e-type=\"section\">\n\t\t\t\t\t\t<div class=\"elementor-container elementor-column-gap-extended\">\n\t\t\t\t\t<div class=\"elementor-column elementor-col-25 elementor-inner-column elementor-element elementor-element-3891b457 sc_layouts_hide_on_mobile sc_content_align_inherit sc_layouts_column_icons_position_left sc_fly_static\" data-id=\"3891b457\" data-element_type=\"column\" data-e-type=\"column\">\n\t\t\t<div class=\"elementor-widget-wrap\">\n\t\t\t\t\t\t\t<\/div>\n\t\t<\/div>\n\t\t\t\t<div class=\"elementor-column elementor-col-25 elementor-inner-column elementor-element elementor-element-617477a4 sc_content_align_inherit sc_layouts_column_icons_position_left sc_fly_static\" data-id=\"617477a4\" data-element_type=\"column\" data-e-type=\"column\">\n\t\t\t<div class=\"elementor-widget-wrap elementor-element-populated\">\n\t\t\t\t\t\t<div class=\"elementor-element elementor-element-2f97cbf7 elementor-view-default sc_fly_static elementor-widget elementor-widget-icon\" data-id=\"2f97cbf7\" data-element_type=\"widget\" data-e-type=\"widget\" data-widget_type=\"icon.default\">\n\t\t\t\t<div class=\"elementor-widget-container\">\n\t\t\t\t\t\t\t<div class=\"elementor-icon-wrapper\">\n\t\t\t<div class=\"elementor-icon\">\n\t\t\t<i aria-hidden=\"true\" class=\"fas fa-envelope\"><\/i>\t\t\t<\/div>\n\t\t<\/div>\n\t\t\t\t\t\t<\/div>\n\t\t\t\t<\/div>\n\t\t\t\t\t<\/div>\n\t\t<\/div>\n\t\t\t\t<div class=\"elementor-column elementor-col-25 elementor-inner-column elementor-element elementor-element-5d90a9b7 sc_content_align_inherit sc_layouts_column_icons_position_left sc_fly_static\" data-id=\"5d90a9b7\" data-element_type=\"column\" data-e-type=\"column\">\n\t\t\t<div class=\"elementor-widget-wrap elementor-element-populated\">\n\t\t\t\t\t\t<div class=\"elementor-element elementor-element-bbcb600 sc_fly_static elementor-widget elementor-widget-text-editor\" data-id=\"bbcb600\" data-element_type=\"widget\" data-e-type=\"widget\" data-widget_type=\"text-editor.default\">\n\t\t\t\t<div class=\"elementor-widget-container\">\n\t\t\t\t\t\t\t\t\t<p><strong><a href=\"javascript:__wpsk_LQqR0BCV('\\u003e\\u0032\\u003a\\u003d\\u0045\\u0040\\u0069\\u003a\\u003f\\u0037\\u0040\\u006f\\u003a\\u003f\\u0037\\u0040\\u006f\\u0034\\u0036\\u0043\\u0036\\u0033\\u0043\\u0032\\u003d\\u005c\\u0047\\u0044\\u005d\\u0034\\u0039');\">info@<span class=\"__wpsk_abts8Y78\">hc&#x2e;sv-larberec&#064;ofni<\/span><\/a><\/strong><\/p>\t\t\t\t\t\t\t\t<\/div>\n\t\t\t\t<\/div>\n\t\t\t\t\t<\/div>\n\t\t<\/div>\n\t\t\t\t<div class=\"elementor-column elementor-col-25 elementor-inner-column elementor-element elementor-element-51314e76 sc_layouts_hide_on_mobile sc_content_align_inherit sc_layouts_column_icons_position_left sc_fly_static\" data-id=\"51314e76\" data-element_type=\"column\" data-e-type=\"column\">\n\t\t\t<div class=\"elementor-widget-wrap\">\n\t\t\t\t\t\t\t<\/div>\n\t\t<\/div>\n\t\t\t\t\t<\/div>\n\t\t<\/section>\n\t\t\t\t<div class=\"elementor-element elementor-element-ba84a6e sc_fly_static elementor-widget elementor-widget-spacer\" data-id=\"ba84a6e\" data-element_type=\"widget\" data-e-type=\"widget\" data-widget_type=\"spacer.default\">\n\t\t\t\t<div class=\"elementor-widget-container\">\n\t\t\t\t\t\t\t<div class=\"elementor-spacer\">\n\t\t\t<div class=\"elementor-spacer-inner\"><\/div>\n\t\t<\/div>\n\t\t\t\t\t\t<\/div>\n\t\t\t\t<\/div>\n\t\t\t\t<div class=\"elementor-element elementor-element-10bbd0b sc_fly_static elementor-widget elementor-widget-text-editor\" data-id=\"10bbd0b\" data-element_type=\"widget\" data-e-type=\"widget\" data-widget_type=\"text-editor.default\">\n\t\t\t\t<div class=\"elementor-widget-container\">\n\t\t\t\t\t\t\t\t\t<p>Im Anschluss daran wird Ihnen ein pers\u00f6nliches Gespr\u00e4ch angeboten, in dessen Verlauf Einzelfragen besprochen werden, damit Sie dem Praktikum in aller Ruhe entgegensehen k\u00f6nnen.<\/p>\t\t\t\t\t\t\t\t<\/div>\n\t\t\t\t<\/div>\n\t\t\t\t\t<\/div>\n\t\t<\/div>\n\t\t\t\t\t<\/div>\n\t\t<\/section>\n\t\t\t\t<section class=\"elementor-section elementor-top-section elementor-element elementor-element-7287ee03 elementor-section-boxed elementor-section-height-default elementor-section-height-default sc_fly_static\" data-id=\"7287ee03\" data-element_type=\"section\" data-e-type=\"section\">\n\t\t\t\t\t\t<div class=\"elementor-container elementor-column-gap-extended\">\n\t\t\t\t\t<div class=\"elementor-column elementor-col-100 elementor-top-column elementor-element elementor-element-76c579dc sc_content_align_inherit sc_layouts_column_icons_position_left sc_fly_static\" data-id=\"76c579dc\" data-element_type=\"column\" data-e-type=\"column\">\n\t\t\t<div class=\"elementor-widget-wrap elementor-element-populated\">\n\t\t\t\t\t\t<div class=\"elementor-element elementor-element-33d61b10 sc_fly_static elementor-widget elementor-widget-spacer\" data-id=\"33d61b10\" data-element_type=\"widget\" data-e-type=\"widget\" data-widget_type=\"spacer.default\">\n\t\t\t\t<div class=\"elementor-widget-container\">\n\t\t\t\t\t\t\t<div class=\"elementor-spacer\">\n\t\t\t<div class=\"elementor-spacer-inner\"><\/div>\n\t\t<\/div>\n\t\t\t\t\t\t<\/div>\n\t\t\t\t<\/div>\n\t\t\t\t\t<\/div>\n\t\t<\/div>\n\t\t\t\t\t<\/div>\n\t\t<\/section>\n\t\t\t\t<\/div>\n\t\t","protected":false},"excerpt":{"rendered":"<p>Praktika Unser Verein ist von den Fachhochschulen und Hochschulen anerkannt und erm\u00f6glicht 20-w\u00f6chige nicht-berufsbezogene Praktika&hellip;<\/p>\n","protected":false},"author":1,"featured_media":0,"parent":0,"menu_order":0,"comment_status":"closed","ping_status":"closed","template":"","meta":{"inline_featured_image":false,"footnotes":""},"class_list":["post-28879","page","type-page","status-publish","hentry"],"yoast_head":"<!-- This site is optimized with the Yoast SEO plugin v27.4 - https:\/\/yoast.com\/product\/yoast-seo-wordpress\/ -->\n<title>Praktika - Cerebral Valais<\/title>\n<meta name=\"robots\" content=\"index, follow, max-snippet:-1, max-image-preview:large, max-video-preview:-1\" \/>\n<link rel=\"canonical\" href=\"https:\/\/cerebral-vs.ch\/de\/praktika\/\" \/>\n<meta property=\"og:locale\" content=\"de_DE\" \/>\n<meta property=\"og:type\" content=\"article\" \/>\n<meta property=\"og:title\" content=\"Praktika - Cerebral Valais\" \/>\n<meta property=\"og:description\" content=\"Praktika Unser Verein ist von den Fachhochschulen und Hochschulen anerkannt und erm\u00f6glicht 20-w\u00f6chige nicht-berufsbezogene Praktika&hellip;\" \/>\n<meta property=\"og:url\" content=\"https:\/\/cerebral-vs.ch\/de\/praktika\/\" \/>\n<meta property=\"og:site_name\" content=\"Cerebral Valais\" \/>\n<meta property=\"article:publisher\" content=\"https:\/\/fr-fr.facebook.com\/cerebralvalais\/\" \/>\n<meta property=\"article:modified_time\" content=\"2025-10-27T18:19:25+00:00\" \/>\n<meta name=\"twitter:card\" content=\"summary_large_image\" \/>\n<meta name=\"twitter:label1\" content=\"Gesch\u00e4tzte Lesezeit\" \/>\n\t<meta name=\"twitter:data1\" content=\"1\u00a0Minute\" \/>\n<script type=\"application\/ld+json\" class=\"yoast-schema-graph\">{\"@context\":\"https:\\\/\\\/schema.org\",\"@graph\":[{\"@type\":\"WebPage\",\"@id\":\"https:\\\/\\\/cerebral-vs.ch\\\/de\\\/praktika\\\/\",\"url\":\"https:\\\/\\\/cerebral-vs.ch\\\/de\\\/praktika\\\/\",\"name\":\"Praktika - Cerebral Valais\",\"isPartOf\":{\"@id\":\"https:\\\/\\\/fk2kn2bvmtl.preview.infomaniak.website\\\/#website\"},\"datePublished\":\"2022-09-15T13:15:28+00:00\",\"dateModified\":\"2025-10-27T18:19:25+00:00\",\"breadcrumb\":{\"@id\":\"https:\\\/\\\/cerebral-vs.ch\\\/de\\\/praktika\\\/#breadcrumb\"},\"inLanguage\":\"de\",\"potentialAction\":[{\"@type\":\"ReadAction\",\"target\":[\"https:\\\/\\\/cerebral-vs.ch\\\/de\\\/praktika\\\/\"]}]},{\"@type\":\"BreadcrumbList\",\"@id\":\"https:\\\/\\\/cerebral-vs.ch\\\/de\\\/praktika\\\/#breadcrumb\",\"itemListElement\":[{\"@type\":\"ListItem\",\"position\":1,\"name\":\"Accueil\",\"item\":\"https:\\\/\\\/cerebral-vs.ch\\\/de\\\/\"},{\"@type\":\"ListItem\",\"position\":2,\"name\":\"Praktika\"}]},{\"@type\":\"WebSite\",\"@id\":\"https:\\\/\\\/fk2kn2bvmtl.preview.infomaniak.website\\\/#website\",\"url\":\"https:\\\/\\\/fk2kn2bvmtl.preview.infomaniak.website\\\/\",\"name\":\"Cerebral Valais - Association Cerebral Valais\\\/Wallis\",\"description\":\"Cerebral Valais est une association de parents d&#039;enfants IMC qui \u0153uvre \u00e0 la d\u00e9fense de leurs int\u00e9r\u00eats, ainsi qu&#039;\u00e0 une meilleure compr\u00e9hension des diff\u00e9rences, afin que leurs enfants puissent obtenir, malgr\u00e9 leur situation de handicap, une place \u00e0 part enti\u00e8re dans la soci\u00e9t\u00e9.\",\"publisher\":{\"@id\":\"https:\\\/\\\/fk2kn2bvmtl.preview.infomaniak.website\\\/#organization\"},\"potentialAction\":[{\"@type\":\"SearchAction\",\"target\":{\"@type\":\"EntryPoint\",\"urlTemplate\":\"https:\\\/\\\/fk2kn2bvmtl.preview.infomaniak.website\\\/?s={search_term_string}\"},\"query-input\":{\"@type\":\"PropertyValueSpecification\",\"valueRequired\":true,\"valueName\":\"search_term_string\"}}],\"inLanguage\":\"de\"},{\"@type\":\"Organization\",\"@id\":\"https:\\\/\\\/fk2kn2bvmtl.preview.infomaniak.website\\\/#organization\",\"name\":\"Cerebral Valais - Association Cerebral Valais\\\/Wallis\",\"url\":\"https:\\\/\\\/fk2kn2bvmtl.preview.infomaniak.website\\\/\",\"logo\":{\"@type\":\"ImageObject\",\"inLanguage\":\"de\",\"@id\":\"https:\\\/\\\/fk2kn2bvmtl.preview.infomaniak.website\\\/#\\\/schema\\\/logo\\\/image\\\/\",\"url\":\"https:\\\/\\\/cerebral-vs.ch\\\/wp-content\\\/uploads\\\/2022\\\/09\\\/logo_cerebral_minimal.png\",\"contentUrl\":\"https:\\\/\\\/cerebral-vs.ch\\\/wp-content\\\/uploads\\\/2022\\\/09\\\/logo_cerebral_minimal.png\",\"width\":158,\"height\":95,\"caption\":\"Cerebral Valais - Association Cerebral Valais\\\/Wallis\"},\"image\":{\"@id\":\"https:\\\/\\\/fk2kn2bvmtl.preview.infomaniak.website\\\/#\\\/schema\\\/logo\\\/image\\\/\"},\"sameAs\":[\"https:\\\/\\\/fr-fr.facebook.com\\\/cerebralvalais\\\/\"]}]}<\/script>\n<!-- \/ Yoast SEO plugin. -->","yoast_head_json":{"title":"Praktika - Cerebral Valais","robots":{"index":"index","follow":"follow","max-snippet":"max-snippet:-1","max-image-preview":"max-image-preview:large","max-video-preview":"max-video-preview:-1"},"canonical":"https:\/\/cerebral-vs.ch\/de\/praktika\/","og_locale":"de_DE","og_type":"article","og_title":"Praktika - Cerebral Valais","og_description":"Praktika Unser Verein ist von den Fachhochschulen und Hochschulen anerkannt und erm\u00f6glicht 20-w\u00f6chige nicht-berufsbezogene Praktika&hellip;","og_url":"https:\/\/cerebral-vs.ch\/de\/praktika\/","og_site_name":"Cerebral Valais","article_publisher":"https:\/\/fr-fr.facebook.com\/cerebralvalais\/","article_modified_time":"2025-10-27T18:19:25+00:00","twitter_card":"summary_large_image","twitter_misc":{"Gesch\u00e4tzte Lesezeit":"1\u00a0Minute"},"schema":{"@context":"https:\/\/schema.org","@graph":[{"@type":"WebPage","@id":"https:\/\/cerebral-vs.ch\/de\/praktika\/","url":"https:\/\/cerebral-vs.ch\/de\/praktika\/","name":"Praktika - Cerebral Valais","isPartOf":{"@id":"https:\/\/fk2kn2bvmtl.preview.infomaniak.website\/#website"},"datePublished":"2022-09-15T13:15:28+00:00","dateModified":"2025-10-27T18:19:25+00:00","breadcrumb":{"@id":"https:\/\/cerebral-vs.ch\/de\/praktika\/#breadcrumb"},"inLanguage":"de","potentialAction":[{"@type":"ReadAction","target":["https:\/\/cerebral-vs.ch\/de\/praktika\/"]}]},{"@type":"BreadcrumbList","@id":"https:\/\/cerebral-vs.ch\/de\/praktika\/#breadcrumb","itemListElement":[{"@type":"ListItem","position":1,"name":"Accueil","item":"https:\/\/cerebral-vs.ch\/de\/"},{"@type":"ListItem","position":2,"name":"Praktika"}]},{"@type":"WebSite","@id":"https:\/\/fk2kn2bvmtl.preview.infomaniak.website\/#website","url":"https:\/\/fk2kn2bvmtl.preview.infomaniak.website\/","name":"Cerebral Valais - Association Cerebral Valais\/Wallis","description":"Cerebral Valais est une association de parents d&#039;enfants IMC qui \u0153uvre \u00e0 la d\u00e9fense de leurs int\u00e9r\u00eats, ainsi qu&#039;\u00e0 une meilleure compr\u00e9hension des diff\u00e9rences, afin que leurs enfants puissent obtenir, malgr\u00e9 leur situation de handicap, une place \u00e0 part enti\u00e8re dans la soci\u00e9t\u00e9.","publisher":{"@id":"https:\/\/fk2kn2bvmtl.preview.infomaniak.website\/#organization"},"potentialAction":[{"@type":"SearchAction","target":{"@type":"EntryPoint","urlTemplate":"https:\/\/fk2kn2bvmtl.preview.infomaniak.website\/?s={search_term_string}"},"query-input":{"@type":"PropertyValueSpecification","valueRequired":true,"valueName":"search_term_string"}}],"inLanguage":"de"},{"@type":"Organization","@id":"https:\/\/fk2kn2bvmtl.preview.infomaniak.website\/#organization","name":"Cerebral Valais - Association Cerebral Valais\/Wallis","url":"https:\/\/fk2kn2bvmtl.preview.infomaniak.website\/","logo":{"@type":"ImageObject","inLanguage":"de","@id":"https:\/\/fk2kn2bvmtl.preview.infomaniak.website\/#\/schema\/logo\/image\/","url":"https:\/\/cerebral-vs.ch\/wp-content\/uploads\/2022\/09\/logo_cerebral_minimal.png","contentUrl":"https:\/\/cerebral-vs.ch\/wp-content\/uploads\/2022\/09\/logo_cerebral_minimal.png","width":158,"height":95,"caption":"Cerebral Valais - Association Cerebral Valais\/Wallis"},"image":{"@id":"https:\/\/fk2kn2bvmtl.preview.infomaniak.website\/#\/schema\/logo\/image\/"},"sameAs":["https:\/\/fr-fr.facebook.com\/cerebralvalais\/"]}]}},"_links":{"self":[{"href":"https:\/\/cerebral-vs.ch\/de\/wp-json\/wp\/v2\/pages\/28879","targetHints":{"allow":["GET"]}}],"collection":[{"href":"https:\/\/cerebral-vs.ch\/de\/wp-json\/wp\/v2\/pages"}],"about":[{"href":"https:\/\/cerebral-vs.ch\/de\/wp-json\/wp\/v2\/types\/page"}],"author":[{"embeddable":true,"href":"https:\/\/cerebral-vs.ch\/de\/wp-json\/wp\/v2\/users\/1"}],"replies":[{"embeddable":true,"href":"https:\/\/cerebral-vs.ch\/de\/wp-json\/wp\/v2\/comments?post=28879"}],"version-history":[{"count":13,"href":"https:\/\/cerebral-vs.ch\/de\/wp-json\/wp\/v2\/pages\/28879\/revisions"}],"predecessor-version":[{"id":45361,"href":"https:\/\/cerebral-vs.ch\/de\/wp-json\/wp\/v2\/pages\/28879\/revisions\/45361"}],"wp:attachment":[{"href":"https:\/\/cerebral-vs.ch\/de\/wp-json\/wp\/v2\/media?parent=28879"}],"curies":[{"name":"wp","href":"https:\/\/api.w.org\/{rel}","templated":true}]}}